{"id":17467,"date":"2022-10-19T16:09:02","date_gmt":"2022-10-19T16:09:02","guid":{"rendered":"https:\/\/shopsmart.pe\/?post_type=product&#038;p=17467"},"modified":"2022-10-19T16:28:48","modified_gmt":"2022-10-19T16:28:48","slug":"cuadros-san-jose-y-nino-jesus","status":"publish","type":"product","link":"https:\/\/shopsmart.pe\/en\/product\/cuadros-san-jose-y-nino-jesus\/","title":{"rendered":"Icono San Jos\u00e9 y Ni\u00f1o Jes\u00fas"},"content":{"rendered":"","protected":false},"excerpt":{"rendered":"<ul>\n<li>MDF 18mm , Vinil laminado frontal<\/li>\n<li>Gancho cocodrilo para colgar<\/li>\n<li>35X40 CM<\/li>\n<\/ul>\n<p>&nbsp;<\/p>\n","protected":false},"featured_media":17478,"comment_status":"open","ping_status":"closed","template":"","meta":[],"product_brand":[],"product_cat":[2356],"product_tag":[1161,2362,2367],"class_list":{"0":"post-17467","1":"product","2":"type-product","3":"status-publish","4":"has-post-thumbnail","6":"product_cat-articulos-religiosos-en","7":"product_tag-banner-en","8":"product_tag-cuadros-en","9":"product_tag-icono-san-jose-y-nino-jesus-en","11":"first","12":"instock","13":"shipping-taxable","14":"purchasable","15":"product-type-simple"},"_links":{"self":[{"href":"https:\/\/shopsmart.pe\/en\/wp-json\/wp\/v2\/product\/17467","targetHints":{"allow":["GET"]}}],"collection":[{"href":"https:\/\/shopsmart.pe\/en\/wp-json\/wp\/v2\/product"}],"about":[{"href":"https:\/\/shopsmart.pe\/en\/wp-json\/wp\/v2\/types\/product"}],"replies":[{"embeddable":true,"href":"https:\/\/shopsmart.pe\/en\/wp-json\/wp\/v2\/comments?post=17467"}],"wp:featuredmedia":[{"embeddable":true,"href":"https:\/\/shopsmart.pe\/en\/wp-json\/wp\/v2\/media\/17478"}],"wp:attachment":[{"href":"https:\/\/shopsmart.pe\/en\/wp-json\/wp\/v2\/media?parent=17467"}],"wp:term":[{"taxonomy":"product_brand","embeddable":true,"href":"https:\/\/shopsmart.pe\/en\/wp-json\/wp\/v2\/product_brand?post=17467"},{"taxonomy":"product_cat","embeddable":true,"href":"https:\/\/shopsmart.pe\/en\/wp-json\/wp\/v2\/product_cat?post=17467"},{"taxonomy":"product_tag","embeddable":true,"href":"https:\/\/shopsmart.pe\/en\/wp-json\/wp\/v2\/product_tag?post=17467"}],"curies":[{"name":"wp","href":"https:\/\/api.w.org\/{rel}","templated":true}]}}