{"id":17483,"date":"2022-10-19T16:33:44","date_gmt":"2022-10-19T16:33:44","guid":{"rendered":"https:\/\/shopsmart.pe\/?post_type=product&#038;p=17483"},"modified":"2022-10-19T16:36:22","modified_gmt":"2022-10-19T16:36:22","slug":"san-jose-y-nino-jesus","status":"publish","type":"product","link":"https:\/\/shopsmart.pe\/en\/product\/san-jose-y-nino-jesus\/","title":{"rendered":"San Jos\u00e9 y Ni\u00f1o Jes\u00fas"},"content":{"rendered":"","protected":false},"excerpt":{"rendered":"<ul>\n<li>Banner 13 onz impresi\u00f3n frontal con bastidor posterior de madera.<\/li>\n<li>90X120 CM<\/li>\n<\/ul>\n<p>&nbsp;<\/p>\n","protected":false},"featured_media":17469,"comment_status":"open","ping_status":"closed","template":"","meta":[],"product_brand":[],"product_cat":[2356],"product_tag":[1161,2362,2373],"class_list":{"0":"post-17483","1":"product","2":"type-product","3":"status-publish","4":"has-post-thumbnail","6":"product_cat-articulos-religiosos-en","7":"product_tag-banner-en","8":"product_tag-cuadros-en","9":"product_tag-san-jose-y-nino-jesus-en","11":"first","12":"instock","13":"shipping-taxable","14":"purchasable","15":"product-type-simple"},"_links":{"self":[{"href":"https:\/\/shopsmart.pe\/en\/wp-json\/wp\/v2\/product\/17483","targetHints":{"allow":["GET"]}}],"collection":[{"href":"https:\/\/shopsmart.pe\/en\/wp-json\/wp\/v2\/product"}],"about":[{"href":"https:\/\/shopsmart.pe\/en\/wp-json\/wp\/v2\/types\/product"}],"replies":[{"embeddable":true,"href":"https:\/\/shopsmart.pe\/en\/wp-json\/wp\/v2\/comments?post=17483"}],"wp:featuredmedia":[{"embeddable":true,"href":"https:\/\/shopsmart.pe\/en\/wp-json\/wp\/v2\/media\/17469"}],"wp:attachment":[{"href":"https:\/\/shopsmart.pe\/en\/wp-json\/wp\/v2\/media?parent=17483"}],"wp:term":[{"taxonomy":"product_brand","embeddable":true,"href":"https:\/\/shopsmart.pe\/en\/wp-json\/wp\/v2\/product_brand?post=17483"},{"taxonomy":"product_cat","embeddable":true,"href":"https:\/\/shopsmart.pe\/en\/wp-json\/wp\/v2\/product_cat?post=17483"},{"taxonomy":"product_tag","embeddable":true,"href":"https:\/\/shopsmart.pe\/en\/wp-json\/wp\/v2\/product_tag?post=17483"}],"curies":[{"name":"wp","href":"https:\/\/api.w.org\/{rel}","templated":true}]}}