{"id":20311,"date":"2023-10-11T17:37:41","date_gmt":"2023-10-11T17:37:41","guid":{"rendered":"https:\/\/shopsmart.pe\/?post_type=product&#038;p=20311"},"modified":"2023-10-30T14:50:54","modified_gmt":"2023-10-30T14:50:54","slug":"mini-roll-screem","status":"publish","type":"product","link":"https:\/\/shopsmart.pe\/en\/product\/mini-roll-screem\/","title":{"rendered":"Mini Roll Screem"},"content":{"rendered":"","protected":false},"excerpt":{"rendered":"<div>\n<p>\u00a1Maxi impacto en tama\u00f1o mini! Nuestra mini porta banner de aluminio es la soluci\u00f3n perfecta para tus gr\u00e1ficas en A4. Con una altura de 34 cm, un ancho de 23.5 cm y una profundidad de 7.7 cm, este vers\u00e1til soporte garantiza que tu mensaje se destaque en cualquier entorno. \u00a1Haz que tu marca brille con estilo compacto!<\/p>\n<p>&nbsp;<\/p>\n<p>&nbsp;<\/p>\n<\/div>\n","protected":false},"featured_media":20308,"comment_status":"open","ping_status":"closed","template":"","meta":[],"product_brand":[],"product_cat":[1100],"product_tag":[2669],"class_list":{"0":"post-20311","1":"product","2":"type-product","3":"status-publish","4":"has-post-thumbnail","6":"product_cat-retail","7":"product_tag-mini-roll-screem-en","9":"first","10":"instock","11":"shipping-taxable","12":"purchasable","13":"product-type-simple"},"_links":{"self":[{"href":"https:\/\/shopsmart.pe\/en\/wp-json\/wp\/v2\/product\/20311","targetHints":{"allow":["GET"]}}],"collection":[{"href":"https:\/\/shopsmart.pe\/en\/wp-json\/wp\/v2\/product"}],"about":[{"href":"https:\/\/shopsmart.pe\/en\/wp-json\/wp\/v2\/types\/product"}],"replies":[{"embeddable":true,"href":"https:\/\/shopsmart.pe\/en\/wp-json\/wp\/v2\/comments?post=20311"}],"wp:featuredmedia":[{"embeddable":true,"href":"https:\/\/shopsmart.pe\/en\/wp-json\/wp\/v2\/media\/20308"}],"wp:attachment":[{"href":"https:\/\/shopsmart.pe\/en\/wp-json\/wp\/v2\/media?parent=20311"}],"wp:term":[{"taxonomy":"product_brand","embeddable":true,"href":"https:\/\/shopsmart.pe\/en\/wp-json\/wp\/v2\/product_brand?post=20311"},{"taxonomy":"product_cat","embeddable":true,"href":"https:\/\/shopsmart.pe\/en\/wp-json\/wp\/v2\/product_cat?post=20311"},{"taxonomy":"product_tag","embeddable":true,"href":"https:\/\/shopsmart.pe\/en\/wp-json\/wp\/v2\/product_tag?post=20311"}],"curies":[{"name":"wp","href":"https:\/\/api.w.org\/{rel}","templated":true}]}}